{"id":543,"date":"2025-04-19T15:06:12","date_gmt":"2025-04-19T19:06:12","guid":{"rendered":"https:\/\/lightskyblue-gaur-706073.hostingersite.com\/?page_id=543"},"modified":"2025-06-26T16:53:40","modified_gmt":"2025-06-26T20:53:40","slug":"our-services","status":"publish","type":"page","link":"https:\/\/bellefemmebridal.com\/es\/our-services\/","title":{"rendered":"Nuestros servicios"},"content":{"rendered":"<div data-elementor-type=\"wp-page\" data-elementor-id=\"543\" class=\"elementor elementor-543\" data-elementor-post-type=\"page\">\n\t\t\t\t<div class=\"elementor-element elementor-element-225dc2f e-con-full e-flex e-con e-parent\" data-id=\"225dc2f\" data-element_type=\"container\" data-e-type=\"container\" data-settings=\"{&quot;background_background&quot;:&quot;classic&quot;}\">\n\t\t\t\t<div class=\"elementor-element elementor-element-3382ebe4 elementor-widget elementor-widget-heading\" data-id=\"3382ebe4\" data-element_type=\"widget\" data-e-type=\"widget\" data-widget_type=\"heading.default\">\n\t\t\t\t<div class=\"elementor-widget-container\">\n\t\t\t\t\t<h2 class=\"elementor-heading-title elementor-size-default\">De los accesorios a los toques finales<\/h2>\t\t\t\t<\/div>\n\t\t\t\t<\/div>\n\t\t\t\t<\/div>\n\t\t<div class=\"elementor-element elementor-element-07ffb07 e-con-full e-flex e-con e-parent\" data-id=\"07ffb07\" data-element_type=\"container\" data-e-type=\"container\" data-settings=\"{&quot;background_background&quot;:&quot;classic&quot;}\">\n\t\t<div class=\"elementor-element elementor-element-2d2fd91 e-con-full e-flex e-con e-child\" data-id=\"2d2fd91\" data-element_type=\"container\" data-e-type=\"container\">\n\t\t<div class=\"elementor-element elementor-element-aa147b5 e-con-full e-flex e-con e-child\" data-id=\"aa147b5\" data-element_type=\"container\" data-e-type=\"container\" data-settings=\"{&quot;background_background&quot;:&quot;classic&quot;}\">\n\t\t\t\t<div class=\"elementor-element elementor-element-5e9fd7b elementor-widget elementor-widget-heading\" data-id=\"5e9fd7b\" data-element_type=\"widget\" data-e-type=\"widget\" data-widget_type=\"heading.default\">\n\t\t\t\t<div class=\"elementor-widget-container\">\n\t\t\t\t\t<h2 class=\"elementor-heading-title elementor-size-default\">Cita con el vestido de novia<\/h2>\t\t\t\t<\/div>\n\t\t\t\t<\/div>\n\t\t\t\t<div class=\"elementor-element elementor-element-ff760c1 elementor-widget elementor-widget-text-editor\" data-id=\"ff760c1\" data-element_type=\"widget\" data-e-type=\"widget\" data-widget_type=\"text-editor.default\">\n\t\t\t\t<div class=\"elementor-widget-container\">\n\t\t\t\t\t\t\t\t\t<p>Belle Femme Bridal ofrece una impresionante colecci\u00f3n de vestidos de novia en todas las tallas de los mejores dise\u00f1adores de novia, junto con hermosos accesorios para completar su<\/p><p>look. Traiga su visi\u00f3n y le ayudaremos a encontrar el vestido perfecto, asegur\u00e1ndonos de que tenga la experiencia de compra inolvidable que se merece. Es tu sue\u00f1o, y estamos aqu\u00ed para hacerlo realidad. Re\u00fane a tus mejores amigas y encontremos el vestido que te haga decir s\u00ed al vestido.<\/p>\t\t\t\t\t\t\t\t<\/div>\n\t\t\t\t<\/div>\n\t\t\t\t<div class=\"elementor-element elementor-element-2b66df1 elementor-align-left elementor-widget elementor-widget-button\" data-id=\"2b66df1\" data-element_type=\"widget\" data-e-type=\"widget\" data-widget_type=\"button.default\">\n\t\t\t\t<div class=\"elementor-widget-container\">\n\t\t\t\t\t\t\t\t\t<div class=\"elementor-button-wrapper\">\n\t\t\t\t\t<a class=\"elementor-button elementor-button-link elementor-size-sm\" href=\"https:\/\/bellefemmebridal.com\/es\/appointments\/\">\n\t\t\t\t\t\t<span class=\"elementor-button-content-wrapper\">\n\t\t\t\t\t\t\t\t\t<span class=\"elementor-button-text\">Concierte una cita<\/span>\n\t\t\t\t\t<\/span>\n\t\t\t\t\t<\/a>\n\t\t\t\t<\/div>\n\t\t\t\t\t\t\t\t<\/div>\n\t\t\t\t<\/div>\n\t\t\t\t<\/div>\n\t\t<div class=\"elementor-element elementor-element-2f95520 e-con-full e-flex e-con e-child\" data-id=\"2f95520\" data-element_type=\"container\" data-e-type=\"container\" data-settings=\"{&quot;background_background&quot;:&quot;classic&quot;}\">\n\t\t\t\t<\/div>\n\t\t\t\t<\/div>\n\t\t\t\t<\/div>\n\t\t<div class=\"elementor-element elementor-element-09ab9b9 e-flex e-con-boxed e-con e-parent\" data-id=\"09ab9b9\" data-element_type=\"container\" data-e-type=\"container\" data-settings=\"{&quot;background_background&quot;:&quot;classic&quot;}\">\n\t\t\t\t\t<div class=\"e-con-inner\">\n\t\t<div class=\"elementor-element elementor-element-ab025db e-flex e-con-boxed e-con e-child\" data-id=\"ab025db\" data-element_type=\"container\" data-e-type=\"container\">\n\t\t\t\t\t<div class=\"e-con-inner\">\n\t\t<div class=\"elementor-element elementor-element-05931c6 e-con-full e-flex e-con e-child\" data-id=\"05931c6\" data-element_type=\"container\" data-e-type=\"container\" data-settings=\"{&quot;background_background&quot;:&quot;classic&quot;}\">\n\t\t\t\t<\/div>\n\t\t<div class=\"elementor-element elementor-element-6012138 e-con-full e-flex e-con e-child\" data-id=\"6012138\" data-element_type=\"container\" data-e-type=\"container\">\n\t\t\t\t<div class=\"elementor-element elementor-element-1db47fd elementor-widget elementor-widget-heading\" data-id=\"1db47fd\" data-element_type=\"widget\" data-e-type=\"widget\" data-widget_type=\"heading.default\">\n\t\t\t\t<div class=\"elementor-widget-container\">\n\t\t\t\t\t<h2 class=\"elementor-heading-title elementor-size-default\">Accesorios de boda<\/h2>\t\t\t\t<\/div>\n\t\t\t\t<\/div>\n\t\t\t\t<div class=\"elementor-element elementor-element-48a9a8a elementor-widget elementor-widget-text-editor\" data-id=\"48a9a8a\" data-element_type=\"widget\" data-e-type=\"widget\" data-widget_type=\"text-editor.default\">\n\t\t\t\t<div class=\"elementor-widget-container\">\n\t\t\t\t\t\t\t\t\t<p>Descubra los toques finales perfectos para la boda de sus sue\u00f1os. Complete su look nupcial con nuestros tesoros cuidadosamente seleccionados, que combinan el encanto atemporal con la elegancia moderna. Tanto si caminas hacia el altar como si te preparas para la fiesta nupcial, tenemos las piezas perfectas para que tu momento sea inolvidable. Perm\u00edtanos ayudarle a personalizar su historia de amor.<\/p>\t\t\t\t\t\t\t\t<\/div>\n\t\t\t\t<\/div>\n\t\t\t\t<div class=\"elementor-element elementor-element-b84951e elementor-align-left elementor-widget elementor-widget-button\" data-id=\"b84951e\" data-element_type=\"widget\" data-e-type=\"widget\" data-widget_type=\"button.default\">\n\t\t\t\t<div class=\"elementor-widget-container\">\n\t\t\t\t\t\t\t\t\t<div class=\"elementor-button-wrapper\">\n\t\t\t\t\t<a class=\"elementor-button elementor-button-link elementor-size-sm\" href=\"https:\/\/bellefemmebridal.com\/es\/appointments\/\">\n\t\t\t\t\t\t<span class=\"elementor-button-content-wrapper\">\n\t\t\t\t\t\t\t\t\t<span class=\"elementor-button-text\">Concierte una cita<\/span>\n\t\t\t\t\t<\/span>\n\t\t\t\t\t<\/a>\n\t\t\t\t<\/div>\n\t\t\t\t\t\t\t\t<\/div>\n\t\t\t\t<\/div>\n\t\t\t\t<\/div>\n\t\t\t\t\t<\/div>\n\t\t\t\t<\/div>\n\t\t\t\t\t<\/div>\n\t\t\t\t<\/div>\n\t\t\t\t<\/div>","protected":false},"excerpt":{"rendered":"<p>From Fittings to Finishing Touches Wedding Dress Appointment Belle Femme Bridal offers a stunning collection of wedding gowns in all sizes from top bridal designers, along with beautiful accessories to complete your look. Bring your vision and we\u2019ll help you find the perfect dress, ensuring you have the unforgettable shopping experience you deserve. It\u2019s your [&hellip;]<\/p>\n","protected":false},"author":1,"featured_media":0,"parent":0,"menu_order":0,"comment_status":"closed","ping_status":"closed","template":"","meta":{"inline_featured_image":false,"_monsterinsights_skip_tracking":false,"_monsterinsights_sitenote_active":false,"_monsterinsights_sitenote_note":"","_monsterinsights_sitenote_category":0,"_uf_show_specific_survey":0,"_uf_disable_surveys":false,"footnotes":""},"class_list":["post-543","page","type-page","status-publish","hentry"],"aioseo_notices":[],"_links":{"self":[{"href":"https:\/\/bellefemmebridal.com\/es\/wp-json\/wp\/v2\/pages\/543","targetHints":{"allow":["GET"]}}],"collection":[{"href":"https:\/\/bellefemmebridal.com\/es\/wp-json\/wp\/v2\/pages"}],"about":[{"href":"https:\/\/bellefemmebridal.com\/es\/wp-json\/wp\/v2\/types\/page"}],"author":[{"embeddable":true,"href":"https:\/\/bellefemmebridal.com\/es\/wp-json\/wp\/v2\/users\/1"}],"replies":[{"embeddable":true,"href":"https:\/\/bellefemmebridal.com\/es\/wp-json\/wp\/v2\/comments?post=543"}],"version-history":[{"count":12,"href":"https:\/\/bellefemmebridal.com\/es\/wp-json\/wp\/v2\/pages\/543\/revisions"}],"predecessor-version":[{"id":2369,"href":"https:\/\/bellefemmebridal.com\/es\/wp-json\/wp\/v2\/pages\/543\/revisions\/2369"}],"wp:attachment":[{"href":"https:\/\/bellefemmebridal.com\/es\/wp-json\/wp\/v2\/media?parent=543"}],"curies":[{"name":"wp","href":"https:\/\/api.w.org\/{rel}","templated":true}]}}